{"id":9,"date":"2024-01-26T11:13:59","date_gmt":"2024-01-26T11:13:59","guid":{"rendered":"https:\/\/web4.rkinformatika.net\/ngcentroestetica\/?page_id=9"},"modified":"2024-02-12T15:07:20","modified_gmt":"2024-02-12T15:07:20","slug":"servicios","status":"publish","type":"page","link":"https:\/\/ngcentroestetica.com\/eus\/servicios\/","title":{"rendered":"Zerbitzuak"},"content":{"rendered":"<div data-elementor-type=\"wp-page\" data-elementor-id=\"9\" class=\"elementor elementor-9\" data-elementor-post-type=\"page\">\n\t\t\t\t<div class=\"elementor-element elementor-element-2d738a8f e-flex e-con-boxed e-con e-parent\" data-id=\"2d738a8f\" data-element_type=\"container\" data-e-type=\"container\" data-settings=\"{&quot;background_background&quot;:&quot;classic&quot;}\">\n\t\t\t\t\t<div class=\"e-con-inner\">\n\t\t\t\t<div class=\"elementor-element elementor-element-590b5f61 elementor-invisible elementor-widget elementor-widget-heading\" data-id=\"590b5f61\" data-element_type=\"widget\" data-e-type=\"widget\" data-settings=\"{&quot;_animation&quot;:&quot;slideInUp&quot;}\" data-widget_type=\"heading.default\">\n\t\t\t\t<div class=\"elementor-widget-container\">\n\t\t\t\t\t<h2 class=\"elementor-heading-title elementor-size-default\">Zerbitzuak<\/h2>\t\t\t\t<\/div>\n\t\t\t\t<\/div>\n\t\t\t\t\t<\/div>\n\t\t\t\t<\/div>\n\t\t<div class=\"elementor-element elementor-element-21157ef5 e-flex e-con-boxed e-con e-parent\" data-id=\"21157ef5\" data-element_type=\"container\" data-e-type=\"container\">\n\t\t\t\t\t<div class=\"e-con-inner\">\n\t\t<div class=\"elementor-element elementor-element-49e513a9 e-con-full e-flex elementor-invisible e-con e-child\" data-id=\"49e513a9\" data-element_type=\"container\" data-e-type=\"container\" data-settings=\"{&quot;background_background&quot;:&quot;classic&quot;,&quot;animation&quot;:&quot;slideInLeft&quot;}\">\n\t\t\t\t<div class=\"elementor-element elementor-element-59355a65 elementor-widget elementor-widget-spacer\" data-id=\"59355a65\" data-element_type=\"widget\" data-e-type=\"widget\" data-widget_type=\"spacer.default\">\n\t\t\t\t<div class=\"elementor-widget-container\">\n\t\t\t\t\t\t\t<div class=\"elementor-spacer\">\n\t\t\t<div class=\"elementor-spacer-inner\"><\/div>\n\t\t<\/div>\n\t\t\t\t\t\t<\/div>\n\t\t\t\t<\/div>\n\t\t\t\t<\/div>\n\t\t<div class=\"elementor-element elementor-element-38bb7d1e e-con-full e-flex e-con e-child\" data-id=\"38bb7d1e\" data-element_type=\"container\" data-e-type=\"container\" data-settings=\"{&quot;background_background&quot;:&quot;classic&quot;}\">\n\t\t\t\t<div class=\"elementor-element elementor-element-27ebdfce elementor-widget elementor-widget-heading\" data-id=\"27ebdfce\" data-element_type=\"widget\" data-e-type=\"widget\" data-widget_type=\"heading.default\">\n\t\t\t\t<div class=\"elementor-widget-container\">\n\t\t\t\t\t<h3 class=\"elementor-heading-title elementor-size-default\">Micropingmentaci\u00f3n de Cejas<\/h3>\t\t\t\t<\/div>\n\t\t\t\t<\/div>\n\t\t\t\t<div class=\"elementor-element elementor-element-222c86fa elementor-widget elementor-widget-text-editor\" data-id=\"222c86fa\" data-element_type=\"widget\" data-e-type=\"widget\" data-widget_type=\"text-editor.default\">\n\t\t\t\t<div class=\"elementor-widget-container\">\n\t\t\t\t\t\t\t\t\t<p>La micropigmentaci\u00f3n de cejas es una t\u00e9cnica de maquillaje semipermanente, cuyo objetivo es corregir o reconstruir completamente una ceja carente de pelo o ausente, realizando pelos de forma art\u00edstica, creando un efecto hiperrealista y natural. En nuestro centro la realizamos con diferentes t\u00e9cnicas seg\u00fan tu preferencia, las cuales son:<\/p><ul><li>Efecto pelo a pelo<\/li><li>Hiperealista<\/li><li>Shading<\/li><\/ul>\t\t\t\t\t\t\t\t<\/div>\n\t\t\t\t<\/div>\n\t\t\t\t<\/div>\n\t\t\t\t\t<\/div>\n\t\t\t\t<\/div>\n\t\t<div class=\"elementor-element elementor-element-c804f9b e-flex e-con-boxed e-con e-parent\" data-id=\"c804f9b\" data-element_type=\"container\" data-e-type=\"container\" data-settings=\"{&quot;background_background&quot;:&quot;classic&quot;}\">\n\t\t\t\t\t<div class=\"e-con-inner\">\n\t\t<div class=\"elementor-element elementor-element-71c65d3 e-con-full e-flex e-con e-child\" data-id=\"71c65d3\" data-element_type=\"container\" data-e-type=\"container\" data-settings=\"{&quot;background_background&quot;:&quot;classic&quot;}\">\n\t\t\t\t<div class=\"elementor-element elementor-element-f572e38 elementor-widget elementor-widget-heading\" data-id=\"f572e38\" data-element_type=\"widget\" data-e-type=\"widget\" data-widget_type=\"heading.default\">\n\t\t\t\t<div class=\"elementor-widget-container\">\n\t\t\t\t\t<h3 class=\"elementor-heading-title elementor-size-default\">Micropigmentaci\u00f3n de Labios<\/h3>\t\t\t\t<\/div>\n\t\t\t\t<\/div>\n\t\t\t\t<div class=\"elementor-element elementor-element-dbf51cb elementor-widget elementor-widget-text-editor\" data-id=\"dbf51cb\" data-element_type=\"widget\" data-e-type=\"widget\" data-widget_type=\"text-editor.default\">\n\t\t\t\t<div class=\"elementor-widget-container\">\n\t\t\t\t\t\t\t\t\t<p>La micropigmentaci\u00f3n de labios es una t\u00e9cnica de tatuado semipermanente muy suave que se consigue aplicando un ligero color en los labios para darles un aspecto sensual a la vez que natural, sin que el labio parezca perfilado ni pintado de forma artificial.<br \/>Destacamos las siguientes t\u00e9cnicas:<\/p><ul><li>Acuarela<\/li><li>Perfilado<\/li><li>Reconstrucci\u00f3n imperfecciones<\/li><\/ul>\t\t\t\t\t\t\t\t<\/div>\n\t\t\t\t<\/div>\n\t\t\t\t<\/div>\n\t\t<div class=\"elementor-element elementor-element-a8a2040 e-con-full e-flex elementor-invisible e-con e-child\" data-id=\"a8a2040\" data-element_type=\"container\" data-e-type=\"container\" data-settings=\"{&quot;background_background&quot;:&quot;classic&quot;,&quot;animation&quot;:&quot;slideInLeft&quot;}\">\n\t\t\t\t<div class=\"elementor-element elementor-element-47d1544 elementor-widget elementor-widget-spacer\" data-id=\"47d1544\" data-element_type=\"widget\" data-e-type=\"widget\" data-widget_type=\"spacer.default\">\n\t\t\t\t<div class=\"elementor-widget-container\">\n\t\t\t\t\t\t\t<div class=\"elementor-spacer\">\n\t\t\t<div class=\"elementor-spacer-inner\"><\/div>\n\t\t<\/div>\n\t\t\t\t\t\t<\/div>\n\t\t\t\t<\/div>\n\t\t\t\t<\/div>\n\t\t\t\t\t<\/div>\n\t\t\t\t<\/div>\n\t\t<div class=\"elementor-element elementor-element-71fe044 e-flex e-con-boxed e-con e-parent\" data-id=\"71fe044\" data-element_type=\"container\" data-e-type=\"container\">\n\t\t\t\t\t<div class=\"e-con-inner\">\n\t\t<div class=\"elementor-element elementor-element-ea9d5ca e-con-full e-flex elementor-invisible e-con e-child\" data-id=\"ea9d5ca\" data-element_type=\"container\" data-e-type=\"container\" data-settings=\"{&quot;background_background&quot;:&quot;classic&quot;,&quot;animation&quot;:&quot;slideInLeft&quot;}\">\n\t\t\t\t<div class=\"elementor-element elementor-element-92b7281 elementor-widget elementor-widget-spacer\" data-id=\"92b7281\" data-element_type=\"widget\" data-e-type=\"widget\" data-widget_type=\"spacer.default\">\n\t\t\t\t<div class=\"elementor-widget-container\">\n\t\t\t\t\t\t\t<div class=\"elementor-spacer\">\n\t\t\t<div class=\"elementor-spacer-inner\"><\/div>\n\t\t<\/div>\n\t\t\t\t\t\t<\/div>\n\t\t\t\t<\/div>\n\t\t\t\t<\/div>\n\t\t<div class=\"elementor-element elementor-element-d9590d4 e-con-full e-flex e-con e-child\" data-id=\"d9590d4\" data-element_type=\"container\" data-e-type=\"container\" data-settings=\"{&quot;background_background&quot;:&quot;classic&quot;}\">\n\t\t\t\t<div class=\"elementor-element elementor-element-8e1cbd8 elementor-widget elementor-widget-heading\" data-id=\"8e1cbd8\" data-element_type=\"widget\" data-e-type=\"widget\" data-widget_type=\"heading.default\">\n\t\t\t\t<div class=\"elementor-widget-container\">\n\t\t\t\t\t<h3 class=\"elementor-heading-title elementor-size-default\">Micropigmentaci\u00f3n de Ojos<\/h3>\t\t\t\t<\/div>\n\t\t\t\t<\/div>\n\t\t\t\t<div class=\"elementor-element elementor-element-4c7f263 elementor-widget elementor-widget-text-editor\" data-id=\"4c7f263\" data-element_type=\"widget\" data-e-type=\"widget\" data-widget_type=\"text-editor.default\">\n\t\t\t\t<div class=\"elementor-widget-container\">\n\t\t\t\t\t\t\t\t\t<p>La micropigmentaci\u00f3n de ojos es una t\u00e9cnica de maquillaje semipermanente por medio de la cual se depositan pigmentos en el p\u00e1rpado, recreando el delineado de ojos o, incluso, un sombreado. Si eres fan del maquillaje y est\u00e1s cansada de tener que estar retoc\u00e1ndolo cada dos por tres, los tratamientos de micropigmentaci\u00f3n de ojos te van a encantar.<br \/>Existen diferentes t\u00e9cnicas en la micropigmentaci\u00f3n de ojos dependiendo del resultado que quieras obtener. Destacamos las siguientes:<\/p><ul><li>Cl\u00e1sico<\/li><li>Sombreado<\/li><li>Entre pesta\u00f1as<\/li><\/ul>\t\t\t\t\t\t\t\t<\/div>\n\t\t\t\t<\/div>\n\t\t\t\t<\/div>\n\t\t\t\t\t<\/div>\n\t\t\t\t<\/div>\n\t\t<div class=\"elementor-element elementor-element-9e4da51 e-flex e-con-boxed e-con e-parent\" data-id=\"9e4da51\" data-element_type=\"container\" data-e-type=\"container\" data-settings=\"{&quot;background_background&quot;:&quot;classic&quot;}\">\n\t\t\t\t\t<div class=\"e-con-inner\">\n\t\t<div class=\"elementor-element elementor-element-5502601 e-con-full e-flex e-con e-child\" data-id=\"5502601\" data-element_type=\"container\" data-e-type=\"container\" data-settings=\"{&quot;background_background&quot;:&quot;classic&quot;}\">\n\t\t\t\t<div class=\"elementor-element elementor-element-905c6ab elementor-widget elementor-widget-heading\" data-id=\"905c6ab\" data-element_type=\"widget\" data-e-type=\"widget\" data-widget_type=\"heading.default\">\n\t\t\t\t<div class=\"elementor-widget-container\">\n\t\t\t\t\t<h3 class=\"elementor-heading-title elementor-size-default\">Presoterapia<\/h3>\t\t\t\t<\/div>\n\t\t\t\t<\/div>\n\t\t\t\t<div class=\"elementor-element elementor-element-e3ecf44 elementor-widget elementor-widget-text-editor\" data-id=\"e3ecf44\" data-element_type=\"widget\" data-e-type=\"widget\" data-widget_type=\"text-editor.default\">\n\t\t\t\t<div class=\"elementor-widget-container\">\n\t\t\t\t\t\t\t\t\t<p>La presoterapia es una t\u00e9cnica de tratamiento que consiste en aplicar presi\u00f3n positiva en determinados tejidos de las piernas espec\u00edficamente en lugares lesionados, lo cual provoca una acci\u00f3n similar a un masaje que puede ser \u00fatil para mejorar el drenaje linf\u00e1tico y la circulaci\u00f3n venosa.<\/p>\t\t\t\t\t\t\t\t<\/div>\n\t\t\t\t<\/div>\n\t\t\t\t<\/div>\n\t\t<div class=\"elementor-element elementor-element-f659290 e-con-full e-flex elementor-invisible e-con e-child\" data-id=\"f659290\" data-element_type=\"container\" data-e-type=\"container\" data-settings=\"{&quot;background_background&quot;:&quot;classic&quot;,&quot;animation&quot;:&quot;slideInLeft&quot;}\">\n\t\t\t\t<div class=\"elementor-element elementor-element-5182c88 elementor-widget elementor-widget-spacer\" data-id=\"5182c88\" data-element_type=\"widget\" data-e-type=\"widget\" data-widget_type=\"spacer.default\">\n\t\t\t\t<div class=\"elementor-widget-container\">\n\t\t\t\t\t\t\t<div class=\"elementor-spacer\">\n\t\t\t<div class=\"elementor-spacer-inner\"><\/div>\n\t\t<\/div>\n\t\t\t\t\t\t<\/div>\n\t\t\t\t<\/div>\n\t\t\t\t<\/div>\n\t\t\t\t\t<\/div>\n\t\t\t\t<\/div>\n\t\t<div class=\"elementor-element elementor-element-7c9c766 e-flex e-con-boxed e-con e-parent\" data-id=\"7c9c766\" data-element_type=\"container\" data-e-type=\"container\">\n\t\t\t\t\t<div class=\"e-con-inner\">\n\t\t<div class=\"elementor-element elementor-element-6604a49 e-con-full e-flex elementor-invisible e-con e-child\" data-id=\"6604a49\" data-element_type=\"container\" data-e-type=\"container\" data-settings=\"{&quot;background_background&quot;:&quot;classic&quot;,&quot;animation&quot;:&quot;slideInLeft&quot;}\">\n\t\t\t\t<div class=\"elementor-element elementor-element-c49617b elementor-widget elementor-widget-spacer\" data-id=\"c49617b\" data-element_type=\"widget\" data-e-type=\"widget\" data-widget_type=\"spacer.default\">\n\t\t\t\t<div class=\"elementor-widget-container\">\n\t\t\t\t\t\t\t<div class=\"elementor-spacer\">\n\t\t\t<div class=\"elementor-spacer-inner\"><\/div>\n\t\t<\/div>\n\t\t\t\t\t\t<\/div>\n\t\t\t\t<\/div>\n\t\t\t\t<\/div>\n\t\t<div class=\"elementor-element elementor-element-0fd8b75 e-con-full e-flex e-con e-child\" data-id=\"0fd8b75\" data-element_type=\"container\" data-e-type=\"container\" data-settings=\"{&quot;background_background&quot;:&quot;classic&quot;}\">\n\t\t\t\t<div class=\"elementor-element elementor-element-d0c55e3 elementor-widget elementor-widget-heading\" data-id=\"d0c55e3\" data-element_type=\"widget\" data-e-type=\"widget\" data-widget_type=\"heading.default\">\n\t\t\t\t<div class=\"elementor-widget-container\">\n\t\t\t\t\t<h3 class=\"elementor-heading-title elementor-size-default\">Depilaci\u00f3n LXD L\u00e1ser Led<\/h3>\t\t\t\t<\/div>\n\t\t\t\t<\/div>\n\t\t\t\t<div class=\"elementor-element elementor-element-85f716b elementor-widget elementor-widget-text-editor\" data-id=\"85f716b\" data-element_type=\"widget\" data-e-type=\"widget\" data-widget_type=\"text-editor.default\">\n\t\t\t\t<div class=\"elementor-widget-container\">\n\t\t\t\t\t\t\t\t\t<p>El LXD es la evoluci\u00f3n tecnol\u00f3gica del LED en depilaci\u00f3n. Depila sin calor, con m\u00ednima molestia, m\u00e1xima eficacia y por primera vez sin coste de disparo.<\/p>\t\t\t\t\t\t\t\t<\/div>\n\t\t\t\t<\/div>\n\t\t\t\t<\/div>\n\t\t\t\t\t<\/div>\n\t\t\t\t<\/div>\n\t\t<div class=\"elementor-element elementor-element-98b16ec e-flex e-con-boxed e-con e-parent\" data-id=\"98b16ec\" data-element_type=\"container\" data-e-type=\"container\" data-settings=\"{&quot;background_background&quot;:&quot;classic&quot;}\">\n\t\t\t\t\t<div class=\"e-con-inner\">\n\t\t<div class=\"elementor-element elementor-element-9e0e6cc e-con-full e-flex e-con e-child\" data-id=\"9e0e6cc\" data-element_type=\"container\" data-e-type=\"container\" data-settings=\"{&quot;background_background&quot;:&quot;classic&quot;}\">\n\t\t\t\t<div class=\"elementor-element elementor-element-a843b10 elementor-widget elementor-widget-heading\" data-id=\"a843b10\" data-element_type=\"widget\" data-e-type=\"widget\" data-widget_type=\"heading.default\">\n\t\t\t\t<div class=\"elementor-widget-container\">\n\t\t\t\t\t<h3 class=\"elementor-heading-title elementor-size-default\">CACI Synergy<\/h3>\t\t\t\t<\/div>\n\t\t\t\t<\/div>\n\t\t\t\t<div class=\"elementor-element elementor-element-6b0a3cb elementor-widget elementor-widget-text-editor\" data-id=\"6b0a3cb\" data-element_type=\"widget\" data-e-type=\"widget\" data-widget_type=\"text-editor.default\">\n\t\t\t\t<div class=\"elementor-widget-container\">\n\t\t\t\t\t\t\t\t\t<p>A trav\u00e9s de micro-corrientes de baja intensidad (similares a las que produce el propio campo bio-el\u00e9ctrico del cuerpo humano) re-educamos tu musculatura facial, rellenamos tus l\u00edneas de expresi\u00f3n y las arrugas profundas de tu rostro.<\/p>\t\t\t\t\t\t\t\t<\/div>\n\t\t\t\t<\/div>\n\t\t\t\t<\/div>\n\t\t<div class=\"elementor-element elementor-element-786cd37 e-con-full e-flex elementor-invisible e-con e-child\" data-id=\"786cd37\" data-element_type=\"container\" data-e-type=\"container\" data-settings=\"{&quot;background_background&quot;:&quot;classic&quot;,&quot;animation&quot;:&quot;slideInLeft&quot;}\">\n\t\t\t\t<div class=\"elementor-element elementor-element-a104216 elementor-widget elementor-widget-spacer\" data-id=\"a104216\" data-element_type=\"widget\" data-e-type=\"widget\" data-widget_type=\"spacer.default\">\n\t\t\t\t<div class=\"elementor-widget-container\">\n\t\t\t\t\t\t\t<div class=\"elementor-spacer\">\n\t\t\t<div class=\"elementor-spacer-inner\"><\/div>\n\t\t<\/div>\n\t\t\t\t\t\t<\/div>\n\t\t\t\t<\/div>\n\t\t\t\t<\/div>\n\t\t\t\t\t<\/div>\n\t\t\t\t<\/div>\n\t\t<div class=\"elementor-element elementor-element-d35abd2 e-flex e-con-boxed e-con e-parent\" data-id=\"d35abd2\" data-element_type=\"container\" data-e-type=\"container\">\n\t\t\t\t\t<div class=\"e-con-inner\">\n\t\t<div class=\"elementor-element elementor-element-d6417a0 e-con-full e-flex elementor-invisible e-con e-child\" data-id=\"d6417a0\" data-element_type=\"container\" data-e-type=\"container\" data-settings=\"{&quot;background_background&quot;:&quot;classic&quot;,&quot;animation&quot;:&quot;slideInLeft&quot;}\">\n\t\t\t\t<div class=\"elementor-element elementor-element-03715c0 elementor-widget elementor-widget-spacer\" data-id=\"03715c0\" data-element_type=\"widget\" data-e-type=\"widget\" data-widget_type=\"spacer.default\">\n\t\t\t\t<div class=\"elementor-widget-container\">\n\t\t\t\t\t\t\t<div class=\"elementor-spacer\">\n\t\t\t<div class=\"elementor-spacer-inner\"><\/div>\n\t\t<\/div>\n\t\t\t\t\t\t<\/div>\n\t\t\t\t<\/div>\n\t\t\t\t<\/div>\n\t\t<div class=\"elementor-element elementor-element-6c41cb7 e-con-full e-flex e-con e-child\" data-id=\"6c41cb7\" data-element_type=\"container\" data-e-type=\"container\" data-settings=\"{&quot;background_background&quot;:&quot;classic&quot;}\">\n\t\t\t\t<div class=\"elementor-element elementor-element-31e338b elementor-widget elementor-widget-heading\" data-id=\"31e338b\" data-element_type=\"widget\" data-e-type=\"widget\" data-widget_type=\"heading.default\">\n\t\t\t\t<div class=\"elementor-widget-container\">\n\t\t\t\t\t<h3 class=\"elementor-heading-title elementor-size-default\">Tatramiento FHOS<\/h3>\t\t\t\t<\/div>\n\t\t\t\t<\/div>\n\t\t\t\t<div class=\"elementor-element elementor-element-c6f5613 elementor-widget elementor-widget-text-editor\" data-id=\"c6f5613\" data-element_type=\"widget\" data-e-type=\"widget\" data-widget_type=\"text-editor.default\">\n\t\t\t\t<div class=\"elementor-widget-container\">\n\t\t\t\t\t\t\t\t\t<p>Un tratamiento a base de Carb\u00f3n Activo muy eficaz para purificar, hidratar y dar luminosidad a tu piel<\/p>\t\t\t\t\t\t\t\t<\/div>\n\t\t\t\t<\/div>\n\t\t\t\t<\/div>\n\t\t\t\t\t<\/div>\n\t\t\t\t<\/div>\n\t\t\t\t<\/div>","protected":false},"excerpt":{"rendered":"<p>Servicios Micropingmentaci\u00f3n de Cejas La micropigmentaci\u00f3n de cejas es una t\u00e9cnica de maquillaje semipermanente, cuyo objetivo es corregir o reconstruir completamente una ceja carente de pelo o ausente, realizando pelos de forma art\u00edstica, creando un efecto hiperrealista y natural. En nuestro centro la realizamos con diferentes t\u00e9cnicas seg\u00fan tu preferencia, las cuales son: Efecto pelo [&hellip;]<\/p>\n","protected":false},"author":1,"featured_media":0,"parent":0,"menu_order":0,"comment_status":"closed","ping_status":"closed","template":"elementor_canvas","meta":{"footnotes":""},"class_list":["post-9","page","type-page","status-publish","hentry"],"yoast_head":"<!-- This site is optimized with the Yoast SEO plugin v27.4 - https:\/\/yoast.com\/product\/yoast-seo-wordpress\/ -->\n<title>Servicios - NG Centro de Est\u00e9tica Profesional<\/title>\n<meta name=\"robots\" content=\"index, follow, max-snippet:-1, max-image-preview:large, max-video-preview:-1\" \/>\n<link rel=\"canonical\" href=\"https:\/\/ngcentroestetica.com\/eus\/servicios\/\" \/>\n<meta property=\"og:locale\" content=\"en_US\" \/>\n<meta property=\"og:type\" content=\"article\" \/>\n<meta property=\"og:title\" content=\"Servicios - NG Centro de Est\u00e9tica Profesional\" \/>\n<meta property=\"og:description\" content=\"Servicios Micropingmentaci\u00f3n de Cejas La micropigmentaci\u00f3n de cejas es una t\u00e9cnica de maquillaje semipermanente, cuyo objetivo es corregir o reconstruir completamente una ceja carente de pelo o ausente, realizando pelos de forma art\u00edstica, creando un efecto hiperrealista y natural. En nuestro centro la realizamos con diferentes t\u00e9cnicas seg\u00fan tu preferencia, las cuales son: Efecto pelo [&hellip;]\" \/>\n<meta property=\"og:url\" content=\"https:\/\/ngcentroestetica.com\/eus\/servicios\/\" \/>\n<meta property=\"og:site_name\" content=\"NG Centro de Est\u00e9tica Profesional\" \/>\n<meta property=\"article:modified_time\" content=\"2024-02-12T15:07:20+00:00\" \/>\n<meta name=\"twitter:card\" content=\"summary_large_image\" \/>\n<meta name=\"twitter:label1\" content=\"Est. reading time\" \/>\n\t<meta name=\"twitter:data1\" content=\"2 minutua\" \/>\n<script type=\"application\/ld+json\" class=\"yoast-schema-graph\">{\"@context\":\"https:\\\/\\\/schema.org\",\"@graph\":[{\"@type\":\"WebPage\",\"@id\":\"https:\\\/\\\/ngcentroestetica.com\\\/servicios\\\/\",\"url\":\"https:\\\/\\\/ngcentroestetica.com\\\/servicios\\\/\",\"name\":\"Servicios - NG Centro de Est\u00e9tica Profesional\",\"isPartOf\":{\"@id\":\"https:\\\/\\\/ngcentroestetica.com\\\/#website\"},\"datePublished\":\"2024-01-26T11:13:59+00:00\",\"dateModified\":\"2024-02-12T15:07:20+00:00\",\"breadcrumb\":{\"@id\":\"https:\\\/\\\/ngcentroestetica.com\\\/servicios\\\/#breadcrumb\"},\"inLanguage\":\"eu\",\"potentialAction\":[{\"@type\":\"ReadAction\",\"target\":[\"https:\\\/\\\/ngcentroestetica.com\\\/servicios\\\/\"]}]},{\"@type\":\"BreadcrumbList\",\"@id\":\"https:\\\/\\\/ngcentroestetica.com\\\/servicios\\\/#breadcrumb\",\"itemListElement\":[{\"@type\":\"ListItem\",\"position\":1,\"name\":\"Portada\",\"item\":\"https:\\\/\\\/ngcentroestetica.com\\\/\"},{\"@type\":\"ListItem\",\"position\":2,\"name\":\"Servicios\"}]},{\"@type\":\"WebSite\",\"@id\":\"https:\\\/\\\/ngcentroestetica.com\\\/#website\",\"url\":\"https:\\\/\\\/ngcentroestetica.com\\\/\",\"name\":\"NG Centro de Est\u00e9tica Profesional\",\"description\":\"\",\"publisher\":{\"@id\":\"https:\\\/\\\/ngcentroestetica.com\\\/#organization\"},\"potentialAction\":[{\"@type\":\"SearchAction\",\"target\":{\"@type\":\"EntryPoint\",\"urlTemplate\":\"https:\\\/\\\/ngcentroestetica.com\\\/?s={search_term_string}\"},\"query-input\":{\"@type\":\"PropertyValueSpecification\",\"valueRequired\":true,\"valueName\":\"search_term_string\"}}],\"inLanguage\":\"eu\"},{\"@type\":\"Organization\",\"@id\":\"https:\\\/\\\/ngcentroestetica.com\\\/#organization\",\"name\":\"NG Centro de Est\u00e9tica Profesional\",\"url\":\"https:\\\/\\\/ngcentroestetica.com\\\/\",\"logo\":{\"@type\":\"ImageObject\",\"inLanguage\":\"eu\",\"@id\":\"https:\\\/\\\/ngcentroestetica.com\\\/#\\\/schema\\\/logo\\\/image\\\/\",\"url\":\"https:\\\/\\\/ngcentroestetica.com\\\/wp-content\\\/uploads\\\/2024\\\/01\\\/cropped-ng_Mesa-de-trabajo-11.png\",\"contentUrl\":\"https:\\\/\\\/ngcentroestetica.com\\\/wp-content\\\/uploads\\\/2024\\\/01\\\/cropped-ng_Mesa-de-trabajo-11.png\",\"width\":1920,\"height\":544,\"caption\":\"NG Centro de Est\u00e9tica Profesional\"},\"image\":{\"@id\":\"https:\\\/\\\/ngcentroestetica.com\\\/#\\\/schema\\\/logo\\\/image\\\/\"}}]}<\/script>\n<!-- \/ Yoast SEO plugin. -->","yoast_head_json":{"title":"Servicios - NG Centro de Est\u00e9tica Profesional","robots":{"index":"index","follow":"follow","max-snippet":"max-snippet:-1","max-image-preview":"max-image-preview:large","max-video-preview":"max-video-preview:-1"},"canonical":"https:\/\/ngcentroestetica.com\/eus\/servicios\/","og_locale":"en_US","og_type":"article","og_title":"Servicios - NG Centro de Est\u00e9tica Profesional","og_description":"Servicios Micropingmentaci\u00f3n de Cejas La micropigmentaci\u00f3n de cejas es una t\u00e9cnica de maquillaje semipermanente, cuyo objetivo es corregir o reconstruir completamente una ceja carente de pelo o ausente, realizando pelos de forma art\u00edstica, creando un efecto hiperrealista y natural. En nuestro centro la realizamos con diferentes t\u00e9cnicas seg\u00fan tu preferencia, las cuales son: Efecto pelo [&hellip;]","og_url":"https:\/\/ngcentroestetica.com\/eus\/servicios\/","og_site_name":"NG Centro de Est\u00e9tica Profesional","article_modified_time":"2024-02-12T15:07:20+00:00","twitter_card":"summary_large_image","twitter_misc":{"Est. reading time":"2 minutua"},"schema":{"@context":"https:\/\/schema.org","@graph":[{"@type":"WebPage","@id":"https:\/\/ngcentroestetica.com\/servicios\/","url":"https:\/\/ngcentroestetica.com\/servicios\/","name":"Servicios - NG Centro de Est\u00e9tica Profesional","isPartOf":{"@id":"https:\/\/ngcentroestetica.com\/#website"},"datePublished":"2024-01-26T11:13:59+00:00","dateModified":"2024-02-12T15:07:20+00:00","breadcrumb":{"@id":"https:\/\/ngcentroestetica.com\/servicios\/#breadcrumb"},"inLanguage":"eu","potentialAction":[{"@type":"ReadAction","target":["https:\/\/ngcentroestetica.com\/servicios\/"]}]},{"@type":"BreadcrumbList","@id":"https:\/\/ngcentroestetica.com\/servicios\/#breadcrumb","itemListElement":[{"@type":"ListItem","position":1,"name":"Portada","item":"https:\/\/ngcentroestetica.com\/"},{"@type":"ListItem","position":2,"name":"Servicios"}]},{"@type":"WebSite","@id":"https:\/\/ngcentroestetica.com\/#website","url":"https:\/\/ngcentroestetica.com\/","name":"NG Estetika Profesionaleko Zentroa","description":"","publisher":{"@id":"https:\/\/ngcentroestetica.com\/#organization"},"potentialAction":[{"@type":"SearchAction","target":{"@type":"EntryPoint","urlTemplate":"https:\/\/ngcentroestetica.com\/?s={search_term_string}"},"query-input":{"@type":"PropertyValueSpecification","valueRequired":true,"valueName":"search_term_string"}}],"inLanguage":"eu"},{"@type":"Organization","@id":"https:\/\/ngcentroestetica.com\/#organization","name":"NG Estetika Profesionaleko Zentroa","url":"https:\/\/ngcentroestetica.com\/","logo":{"@type":"ImageObject","inLanguage":"eu","@id":"https:\/\/ngcentroestetica.com\/#\/schema\/logo\/image\/","url":"https:\/\/ngcentroestetica.com\/wp-content\/uploads\/2024\/01\/cropped-ng_Mesa-de-trabajo-11.png","contentUrl":"https:\/\/ngcentroestetica.com\/wp-content\/uploads\/2024\/01\/cropped-ng_Mesa-de-trabajo-11.png","width":1920,"height":544,"caption":"NG Centro de Est\u00e9tica Profesional"},"image":{"@id":"https:\/\/ngcentroestetica.com\/#\/schema\/logo\/image\/"}}]}},"_links":{"self":[{"href":"https:\/\/ngcentroestetica.com\/eus\/wp-json\/wp\/v2\/pages\/9","targetHints":{"allow":["GET"]}}],"collection":[{"href":"https:\/\/ngcentroestetica.com\/eus\/wp-json\/wp\/v2\/pages"}],"about":[{"href":"https:\/\/ngcentroestetica.com\/eus\/wp-json\/wp\/v2\/types\/page"}],"author":[{"embeddable":true,"href":"https:\/\/ngcentroestetica.com\/eus\/wp-json\/wp\/v2\/users\/1"}],"replies":[{"embeddable":true,"href":"https:\/\/ngcentroestetica.com\/eus\/wp-json\/wp\/v2\/comments?post=9"}],"version-history":[{"count":19,"href":"https:\/\/ngcentroestetica.com\/eus\/wp-json\/wp\/v2\/pages\/9\/revisions"}],"predecessor-version":[{"id":336,"href":"https:\/\/ngcentroestetica.com\/eus\/wp-json\/wp\/v2\/pages\/9\/revisions\/336"}],"wp:attachment":[{"href":"https:\/\/ngcentroestetica.com\/eus\/wp-json\/wp\/v2\/media?parent=9"}],"curies":[{"name":"wp","href":"https:\/\/api.w.org\/{rel}","templated":true}]}}